{"id":123,"date":"2019-06-26T17:49:01","date_gmt":"2019-06-26T17:49:01","guid":{"rendered":"http:\/\/care-4you.nl\/?page_id=123"},"modified":"2024-05-27T06:23:58","modified_gmt":"2024-05-27T06:23:58","slug":"algemene-voorwaarden","status":"publish","type":"page","link":"https:\/\/care-4you.nl\/?page_id=123","title":{"rendered":"Algemene voorwaarden"},"content":{"rendered":"\n<h6>Algemene voorwaarden Beauty &amp; Pedicuresalon Care 4 you<\/h6>\n<h6>\n\n1. Algemeen\n\nDeze voorwaarden gelden voor iedere aanbieding, behandeling en transactie tussen Beauty &amp; Pedicuresalon Care 4 you en een cli\u00ebnt waarop Beauty &amp; Pedicuresalon Care 4 you deze voorwaarden van toepassing heeft verklaard, voor zover van deze voorwaarden niet door partijen uitdrukkelijk en schriftelijk is afgeweken.<\/h6>\n<h6>\n2. Inspanningen Beauty &amp; Pedicuresalon Care 4 you\n\nBeauty &amp; Pedicuresalon Care 4 you zal de behandelingen naar beste inzicht en vermogen en in overeenstemming met de eisen van goed vakmanschap uitvoeren en op grond van de op dat moment bekende stand der wetenschap. Beauty &amp; Pedicuresalon Care 4 you zal zoveel als redelijkerwijs mogelijk is de cli\u00ebnt inlichten over financi\u00eble consequenties van de wijziging of aanvulling van de behandeling.<\/h6>\n<h6>\n3. Afspraken\n\n3.a. De cli\u00ebnt moet verhindering voor een afspraak zo spoedig mogelijk, doch uiterlijk 24 uur voorafgaande aan de afspraak aan Beauty &amp; Pedicuresalon Care 4 you te melden. Indien de cli\u00ebnt deze verplichting niet of niet tijdig nakomt, brengt Beauty &amp; Pedicuresalon Care 4 you 50% van het honorarium voor de afgesproken behandeling aan de cli\u00ebnt in rekening. Indien de cli\u00ebnt meer dan 15 minuten later dan de afgesproken tijd in de praktijk komt, mag Beauty &amp; Pedicuresalon Care 4 you de verloren tijd inkorten op de behandeling en toch het gehele afgesproken honorarium berekenen. Beauty &amp; Pedicuresalon Care 4 you moet verhindering voor een afspraak zo spoedig mogelijk, doch 24 uur voorafgaande aan de afspraak aan de cli\u00ebnt melden. Beide partijen hoeven zich niet aan deze verplichtingen te houden, indien zij gehinderd worden door overmacht. Overmacht omvat datgene wat de wet en jurisprudentie daarover zegt.<\/h6>\n<h6>\n3.b.\u00a0Gelieve ontvang ik u op de aangegeven tijd in de salon met een speling van 10\u00a0minuten voor en 5 minuten na de afgesproken tijd.<\/h6>\n<h6>\n4. Persoonsgegevens &amp; privacy\n\n\u200bDe cli\u00ebnt voorziet Beauty &amp; Pedicuresalon Care 4 you v\u00f3\u00f3r de eerste behandeling van alle gegevens, waarvan Beauty &amp; Pedicuresalon Care 4 you aangeeft dat deze noodzakelijk zijn of waarvan de cli\u00ebnt redelijkerwijs behoort te begrijpen dat deze noodzakelijk zijn voor het zorgvuldig uitvoeren van de behandelingen. Beauty &amp; Pedicuresalon Care 4 you neemt de persoonlijke gegevens van de cli\u00ebnt op in een geautomatiseerd systeem. Beauty &amp; Pedicuresalon Care 4 you behandelt de vertrouwelijke gegevens van de cli\u00ebnt volgens de richtlijnen in de Wet Bescherming Persoonsgegevens. Beauty &amp; Pedicuresalon Care 4 you zal gegevens van de cli\u00ebnt niet verkopen of verhuren aan derden zonder schriftelijke toestemming vooraf van de cli\u00ebnt.<\/h6>\n<h6>\n5. Geheimhouding\n\nBeauty &amp; Pedicuresalon Care 4 you is verplicht tot geheimhouding van alle vertrouwelijke informatie die de cli\u00ebnt heeft medegedeeld tijdens de behandeling. Informatie geldt als vertrouwelijk als dit door de cli\u00ebnt is medegedeeld of als dit voortvloeit uit de aard van de informatie. De geheimhouding vervalt indien, op grond van een wettelijke bepaling of een rechterlijke uitspraak, Beauty &amp; Pedicuresalon Care 4 you verplicht is de vertrouwelijke informatie aan derden te verstrekken.<\/h6>\n<h6>6. Aansprakelijkheid<\/h6>\n<h6>Beauty &amp; Pedicuresalon Care 4 you is niet aansprakelijk voor schade, van welke aard ook, ontstaan doordat Beauty &amp; Pedicuresalon Care 4 you is uitgegaan van door de cli\u00ebnt verstrekte onjuiste en\/of onvolledige informatie over relevante lichamelijke aandoeningen, medicijngebruik, werkzaamheden of vrijetijdsbesteding. Beauty &amp; Pedicuresalon Care 4 you is niet aansprakelijk voor beschadiging\/diefstal van persoonlijke eigendommen die de cli\u00ebnt heeft meegenomen naar de praktijk.Zoals vermeld in dit artikel, kunt u door uw selectie van beschikbare aanbiedingen voor smartphones en topmerken bladeren en de <a href=\"https:\/\/www.high-endrolex.com\/\">cell phone<\/a> serviceplannen die het beste bij uw behoeften passen.<\/h6>\n<h6>7. Garantie\n\nBeauty &amp; Pedicuresalon Care 4 you geeft de cli\u00ebnt 7 dagen garantie op de verrichte behandeling en 7 dagen op de producten. Deze garantie vervalt indien:\n\u00b7 De cli\u00ebnt het advies om medische hulp te zoeken niet binnen 3 werkdagen heeft opgevolgd.\n\u00b7 De cli\u00ebnt de producten niet volgens de gebruiksaanwijzing heeft gebruikt.<\/h6>\n<h6>8. Beschadiging &amp; diefstal\n\nBeauty &amp; Pedicuresalon Care 4 you heeft het recht van de cli\u00ebnt een schadevergoeding te eisen indien de cli\u00ebnt meubilair, apparatuur of producten beschadigt. Beauty &amp; Pedicuresalon Care 4 you meldt diefstal altijd bij de politie.<\/h6>\n<h6>9. Klachten\n\nIndien de cli\u00ebnt een klacht heeft over de behandeling of een product, moet deze zo spoedig mogelijk, doch binnen vijf werkdagen na ontdekking schriftelijk gemeld worden aan Beauty &amp; Pedicuresalon Care 4 you . Beauty &amp; Pedicuresalon Care 4 you moet de klager binnen vijf werkdagen adequaat antwoord geven. Indien een klacht gegrond is, zal Beauty &amp; Pedicuresalon Care 4 you de behandeling opnieuw verrichten zoals overeengekomen, tenzij dit inmiddels voor de cli\u00ebnt aantoonbaar zinloos is geworden en de cli\u00ebnt dit schriftelijk kenbaar maakt.<\/h6>\n<h6>10. Behoorlijk gedrag\n\nDe cli\u00ebnt behoort zich in de praktijk behoorlijk te gedragen volgens algemeen aanvaarde normen. Indien de cli\u00ebnt na herhaaldelijke waarschuwingen onbehoorlijk gedrag blijft vertonen, heeft Beauty &amp; Pedicuresalon Care 4 you het recht de cli\u00ebnt de toegang tot de praktijk te weigeren zonder opgaaf van redenen.<\/h6>\n<h6>11. Recht\n\nOp elke overeenkomst tussen Beauty &amp; Pedicuresalon Care 4 you en de cli\u00ebnt is Nederlands recht van toepassing. In geval van uitleg van de inhoud en strekking van deze algemene voorwaarden, is de Nederlandse tekst daarvan steeds bepalend. Van toepassing is steeds de laatst gedeponeerde versie c.q. de versie zoals die gold ten tijde van het totstandkoming van de overeenkomst.<\/h6>\n<h6>\n\u00a9 2019 Beauty &amp; Pedicuresalon Care 4 you<\/h6>\n<h6>\n\n\n\n<\/h6>\n<table class=\"wp-block-table\">\n<tbody>\n<tr>\n<td><\/td>\n<td><\/td>\n<\/tr>\n<\/tbody>\n<\/table>\n","protected":false},"excerpt":{"rendered":"<p>Algemene voorwaarden Beauty &amp; Pedicuresalon Care 4 you 1. Algemeen Deze voorwaarden gelden voor iedere aanbieding, behandeling en transactie tussen Beauty &amp; Pedicuresalon Care 4 you en een cli\u00ebnt waarop Beauty &amp; Pedicuresalon Care 4 you deze voorwaarden van toepassing heeft verklaard, voor zover van deze voorwaarden niet door partijen uitdrukkelijk en schriftelijk is afgeweken&#8230;.<\/p>\n","protected":false},"author":1,"featured_media":0,"parent":0,"menu_order":0,"comment_status":"closed","ping_status":"closed","template":"","meta":{"footnotes":""},"class_list":["post-123","page","type-page","status-publish","hentry"],"_links":{"self":[{"href":"https:\/\/care-4you.nl\/index.php?rest_route=\/wp\/v2\/pages\/123","targetHints":{"allow":["GET"]}}],"collection":[{"href":"https:\/\/care-4you.nl\/index.php?rest_route=\/wp\/v2\/pages"}],"about":[{"href":"https:\/\/care-4you.nl\/index.php?rest_route=\/wp\/v2\/types\/page"}],"author":[{"embeddable":true,"href":"https:\/\/care-4you.nl\/index.php?rest_route=\/wp\/v2\/users\/1"}],"replies":[{"embeddable":true,"href":"https:\/\/care-4you.nl\/index.php?rest_route=%2Fwp%2Fv2%2Fcomments&post=123"}],"version-history":[{"count":7,"href":"https:\/\/care-4you.nl\/index.php?rest_route=\/wp\/v2\/pages\/123\/revisions"}],"predecessor-version":[{"id":513,"href":"https:\/\/care-4you.nl\/index.php?rest_route=\/wp\/v2\/pages\/123\/revisions\/513"}],"wp:attachment":[{"href":"https:\/\/care-4you.nl\/index.php?rest_route=%2Fwp%2Fv2%2Fmedia&parent=123"}],"curies":[{"name":"wp","href":"https:\/\/api.w.org\/{rel}","templated":true}]}}